{"id":1665,"date":"2014-01-28T17:38:03","date_gmt":"2014-01-28T17:38:03","guid":{"rendered":"http:\/\/www.juancarloscabral.es\/web\/?page_id=1665"},"modified":"2015-01-23T16:50:57","modified_gmt":"2015-01-23T15:50:57","slug":"fotos-boudoir-sevilla-cadiz-huelva-cordoba","status":"publish","type":"page","link":"http:\/\/www.juancarloscabral.es\/web\/fotos-boudoir-sevilla-cadiz-huelva-cordoba\/","title":{"rendered":"Fotos Boudoir"},"content":{"rendered":"<p><img loading=\"lazy\" class=\"aligncenter size-full wp-image-3540\" src=\"http:\/\/www.juancarloscabral.es\/web\/wp-content\/uploads\/2014\/08\/Sesion-fotos-Boudoir-14.jpg\" alt=\"Boudoir Sevilla\" width=\"860\" height=\"573\" srcset=\"http:\/\/www.juancarloscabral.es\/web\/wp-content\/uploads\/2014\/08\/Sesion-fotos-Boudoir-14.jpg 860w, http:\/\/www.juancarloscabral.es\/web\/wp-content\/uploads\/2014\/08\/Sesion-fotos-Boudoir-14-650x433.jpg 650w\" sizes=\"(max-width: 860px) 100vw, 860px\" \/><\/p>\n<div>\n<div id=\"anonymous_element_52\">\n<p>Fotograf\u00eda <strong>BOUDOIR<\/strong><\/p>\n<p>&nbsp;<\/p>\n<p>Boudoir: &#8220;Elegante sala de estar privada aneja a la alcoba principal, de uso exclusivo de las mujeres&#8221;<br \/>\nEsta sala o tocador goza de una enorme tradici\u00f3n art\u00edstica, siendo representada desde la pintura a la fotograf\u00eda. Pero es ahora, en nuestro pa\u00eds, cuando se inicia con m\u00e1s fuerza un resurgir en este tipo de sesiones ,muy habituales en Am\u00e9rica.<\/p>\n<p><img loading=\"lazy\" class=\"aligncenter size-full wp-image-3494\" src=\"http:\/\/www.juancarloscabral.es\/web\/wp-content\/uploads\/2014\/08\/Fotos-boudoir-Sevilla-sensuales-9.jpg\" alt=\"Fotos sexies sensuales\" width=\"860\" height=\"573\" srcset=\"http:\/\/www.juancarloscabral.es\/web\/wp-content\/uploads\/2014\/08\/Fotos-boudoir-Sevilla-sensuales-9.jpg 860w, http:\/\/www.juancarloscabral.es\/web\/wp-content\/uploads\/2014\/08\/Fotos-boudoir-Sevilla-sensuales-9-650x433.jpg 650w\" sizes=\"(max-width: 860px) 100vw, 860px\" \/><br \/>\nLa sesi\u00f3n de fotos <a title=\"Boudoir: Una ma\u00f1ana de S\u00e1bado angelical, dos d\u00edas antes de los 40\" href=\"http:\/\/www.juancarloscabral.es\/web\/boudoir\/sesion-boudoir-regalo-san-valentin\/\"><strong>Boudoir<\/strong><\/a> es una celebraci\u00f3n de la belleza femenina, resaltando todas sus virtudes y, a la vez, una experiencia potenciadora de su feminidad, hacerla sentirse m\u00e1s hermosa y segura. Es un estilo dedicado a conseguir una est\u00e9tica art\u00edstica, sensual, con una ligera carga er\u00f3tica mostrada elegantemente.<br \/>\n\u00bfQu\u00e9 mujer no ha deseado nunca tener unas fotos sensuales y hermosas de s\u00ed misma?<\/p>\n<p><img loading=\"lazy\" class=\"aligncenter size-full wp-image-3076\" src=\"http:\/\/www.juancarloscabral.es\/web\/wp-content\/uploads\/2014\/01\/Fotografia-sensual-.jpg\" alt=\"Fotografia sensual\" width=\"860\" height=\"573\" srcset=\"http:\/\/www.juancarloscabral.es\/web\/wp-content\/uploads\/2014\/01\/Fotografia-sensual-.jpg 860w, http:\/\/www.juancarloscabral.es\/web\/wp-content\/uploads\/2014\/01\/Fotografia-sensual--650x433.jpg 650w, http:\/\/www.juancarloscabral.es\/web\/wp-content\/uploads\/2014\/01\/Fotografia-sensual--156x104.jpg 156w, http:\/\/www.juancarloscabral.es\/web\/wp-content\/uploads\/2014\/01\/Fotografia-sensual--273x182.jpg 273w, http:\/\/www.juancarloscabral.es\/web\/wp-content\/uploads\/2014\/01\/Fotografia-sensual--286x190.jpg 286w, http:\/\/www.juancarloscabral.es\/web\/wp-content\/uploads\/2014\/01\/Fotografia-sensual--300x200.jpg 300w, http:\/\/www.juancarloscabral.es\/web\/wp-content\/uploads\/2014\/01\/Fotografia-sensual--598x398.jpg 598w\" sizes=\"(max-width: 860px) 100vw, 860px\" \/><br \/>\nEl objetivo de la sesi\u00f3n no es obtener estas fotos, sino tomarse unas horas en las que ser la protagonista, disfrutar con una experiencia solo para ti, maquillaje, peluquer\u00eda. Y previamente realizar las compras necesarias con las que sentirte guapa. Prepararte, visualizar el resultado, disfrutar de la decisi\u00f3n de realizar esta sesi\u00f3n.<br \/>\nSea cual sea el motivo que te impulsa a realizarlo, un regalo para tu pareja, para tu novio antes de la boda, celebrar el aniversario, un cambio en tu vida, un regalo de San Valent\u00edn, porque te apetece&#8230;<\/p>\n<p>&nbsp;<\/p>\n<p>Lo principal es que es un d\u00eda para romper la rutina y dedic\u00e1rtelo a ti, mim\u00e1ndote y sinti\u00e9ndote bien. Y previamente buscando ideas, viendo fotos inspiradoras en revistas internet o libros de fotograf\u00eda, esto ayudar\u00e1 a entender qu\u00e9 consideras sexi y qu\u00e9 ambiente te gusta para dar estilo a la sesi\u00f3n.<\/p>\n<p><img loading=\"lazy\" class=\"aligncenter size-full wp-image-3262\" src=\"http:\/\/www.juancarloscabral.es\/web\/wp-content\/uploads\/2014\/02\/Bopudoir-sesion-6.jpg\" alt=\"fotos sensuales\" width=\"860\" height=\"573\" srcset=\"http:\/\/www.juancarloscabral.es\/web\/wp-content\/uploads\/2014\/02\/Bopudoir-sesion-6.jpg 860w, http:\/\/www.juancarloscabral.es\/web\/wp-content\/uploads\/2014\/02\/Bopudoir-sesion-6-650x433.jpg 650w\" sizes=\"(max-width: 860px) 100vw, 860px\" \/><br \/>\nLa sesi\u00f3n es una oportunidad de divertirte, sentirte atractiva y nuestra ocasi\u00f3n de documentarlo, haci\u00e9ndote sentir c\u00f3moda delante de la c\u00e1mara.<br \/>\nCada persona tiene una idea de lo que es sexi, puedes mostrarte divertida, coqueta, traviesa, e incluso algo sensual y no salirte de tu nivel de comodidad.<br \/>\nEn todo momento nuestra misi\u00f3n es hacerte sentir bien y c\u00f3moda.<\/p>\n<p>&nbsp;<\/p>\n<p>&nbsp;<\/p>\n<p>&nbsp;<\/p>\n<p>&nbsp;<\/p>\n<\/div>\n<div><\/div>\n<\/div>\n<p>&nbsp;<\/p>\n<p>&nbsp;<\/p>\n<div class=\"linkwithin_hook\" id=\"http:\/\/www.juancarloscabral.es\/web\/fotos-boudoir-sevilla-cadiz-huelva-cordoba\/\"><\/div><script>\r\n<!-- \/\/LinkWithinCodeStart\r\nvar linkwithin_site_id = 2477897;\r\nvar linkwithin_div_class = \"linkwithin_hook\";\r\n\/\/LinkWithinCodeEnd -->\r\n<\/script>\r\n<script src=\"http:\/\/www.linkwithin.com\/widget.js\"><\/script>\r\n<a href=\"http:\/\/www.linkwithin.com\/\"><img src=\"http:\/\/www.linkwithin.com\/pixel.png\" alt=\"Related Posts Plugin for WordPress, Blogger...\" style=\"border: 0\" \/><\/a><div class=\"pp-fb-like-btn-wrap\"><div class=\"fb-like\" data-href=\"http:\/\/www.juancarloscabral.es\/web\/fotos-boudoir-sevilla-cadiz-huelva-cordoba\/\" data-share=\"true\" data-layout=\"standard\" data-width=\"450\" data-show-faces=\"false\" data-action=\"like\"><\/div><\/div>","protected":false},"excerpt":{"rendered":"<p>Fotograf\u00eda BOUDOIR &nbsp; Boudoir: &#8220;Elegante sala de estar privada aneja a la alcoba principal, de uso exclusivo de las mujeres&#8221; Esta sala o tocador goza de una enorme tradici\u00f3n art\u00edstica, siendo representada desde la pintura a la fotograf\u00eda. Pero es ahora, en nuestro pa\u00eds, cuando se inicia con m\u00e1s fuerza un resurgir en este tipo [&hellip;]<\/p>\n<script>\r\n<!-- \/\/LinkWithinCodeStart\r\nvar linkwithin_site_id = 2477897;\r\nvar linkwithin_div_class = \"linkwithin_hook\";\r\n\/\/LinkWithinCodeEnd -->\r\n<\/script>\r\n<script src=\"http:\/\/www.linkwithin.com\/widget.js\"><\/script>\r\n<a href=\"http:\/\/www.linkwithin.com\/\"><img src=\"http:\/\/www.linkwithin.com\/pixel.png\" alt=\"Related Posts Plugin for WordPress, Blogger...\" style=\"border: 0\" \/><\/a>","protected":false},"author":1,"featured_media":0,"parent":0,"menu_order":0,"comment_status":"open","ping_status":"open","template":"","meta":[],"yoast_head":"<!-- This site is optimized with the Yoast SEO plugin v17.3 - https:\/\/yoast.com\/wordpress\/plugins\/seo\/ -->\n<title>Fotos Boudoir Sevilla Cadiz Jerez Badajoz Cordoba Huelva<\/title>\n<meta name=\"robots\" content=\"index, follow, max-snippet:-1, max-image-preview:large, max-video-preview:-1\" \/>\n<link rel=\"canonical\" href=\"http:\/\/www.juancarloscabral.es\/web\/fotos-boudoir-sevilla-cadiz-huelva-cordoba\/\" \/>\n<meta property=\"og:locale\" content=\"es_ES\" \/>\n<meta property=\"og:type\" content=\"article\" \/>\n<meta property=\"og:title\" content=\"Fotos Boudoir Sevilla Cadiz Jerez Badajoz Cordoba Huelva\" \/>\n<meta property=\"og:description\" content=\"Fotograf\u00eda BOUDOIR &nbsp; Boudoir: &#8220;Elegante sala de estar privada aneja a la alcoba principal, de uso exclusivo de las mujeres&#8221; Esta sala o tocador goza de una enorme tradici\u00f3n art\u00edstica, siendo representada desde la pintura a la fotograf\u00eda. Pero es ahora, en nuestro pa\u00eds, cuando se inicia con m\u00e1s fuerza un resurgir en este tipo [&hellip;]\" \/>\n<meta property=\"og:url\" content=\"http:\/\/www.juancarloscabral.es\/web\/fotos-boudoir-sevilla-cadiz-huelva-cordoba\/\" \/>\n<meta property=\"og:site_name\" content=\"Juan Carlos Cabral\" \/>\n<meta property=\"article:modified_time\" content=\"2015-01-23T15:50:57+00:00\" \/>\n<meta property=\"og:image\" content=\"http:\/\/www.juancarloscabral.es\/web\/wp-content\/uploads\/2014\/08\/Sesion-fotos-Boudoir-14.jpg\" \/>\n<meta name=\"twitter:label1\" content=\"Tiempo de lectura\" \/>\n\t<meta name=\"twitter:data1\" content=\"2 minutos\" \/>\n<script type=\"application\/ld+json\" class=\"yoast-schema-graph\">{\"@context\":\"https:\/\/schema.org\",\"@graph\":[{\"@type\":\"WebSite\",\"@id\":\"http:\/\/www.juancarloscabral.es\/web\/#website\",\"url\":\"http:\/\/www.juancarloscabral.es\/web\/\",\"name\":\"Juan Carlos Cabral\",\"description\":\"Fot\\u00f3grafo,Bodas,Retratos\",\"potentialAction\":[{\"@type\":\"SearchAction\",\"target\":{\"@type\":\"EntryPoint\",\"urlTemplate\":\"http:\/\/www.juancarloscabral.es\/web\/?s={search_term_string}\"},\"query-input\":\"required name=search_term_string\"}],\"inLanguage\":\"es\"},{\"@type\":\"ImageObject\",\"@id\":\"http:\/\/www.juancarloscabral.es\/web\/fotos-boudoir-sevilla-cadiz-huelva-cordoba\/#primaryimage\",\"inLanguage\":\"es\",\"url\":\"http:\/\/www.juancarloscabral.es\/web\/wp-content\/uploads\/2014\/08\/Sesion-fotos-Boudoir-14.jpg\",\"contentUrl\":\"http:\/\/www.juancarloscabral.es\/web\/wp-content\/uploads\/2014\/08\/Sesion-fotos-Boudoir-14.jpg\",\"width\":860,\"height\":573,\"caption\":\"Boudoir Sevilla\"},{\"@type\":\"WebPage\",\"@id\":\"http:\/\/www.juancarloscabral.es\/web\/fotos-boudoir-sevilla-cadiz-huelva-cordoba\/#webpage\",\"url\":\"http:\/\/www.juancarloscabral.es\/web\/fotos-boudoir-sevilla-cadiz-huelva-cordoba\/\",\"name\":\"Fotos Boudoir Sevilla Cadiz Jerez Badajoz Cordoba Huelva\",\"isPartOf\":{\"@id\":\"http:\/\/www.juancarloscabral.es\/web\/#website\"},\"primaryImageOfPage\":{\"@id\":\"http:\/\/www.juancarloscabral.es\/web\/fotos-boudoir-sevilla-cadiz-huelva-cordoba\/#primaryimage\"},\"datePublished\":\"2014-01-28T17:38:03+00:00\",\"dateModified\":\"2015-01-23T15:50:57+00:00\",\"breadcrumb\":{\"@id\":\"http:\/\/www.juancarloscabral.es\/web\/fotos-boudoir-sevilla-cadiz-huelva-cordoba\/#breadcrumb\"},\"inLanguage\":\"es\",\"potentialAction\":[{\"@type\":\"ReadAction\",\"target\":[\"http:\/\/www.juancarloscabral.es\/web\/fotos-boudoir-sevilla-cadiz-huelva-cordoba\/\"]}]},{\"@type\":\"BreadcrumbList\",\"@id\":\"http:\/\/www.juancarloscabral.es\/web\/fotos-boudoir-sevilla-cadiz-huelva-cordoba\/#breadcrumb\",\"itemListElement\":[{\"@type\":\"ListItem\",\"position\":1,\"name\":\"Fotos Boudoir\"}]}]}<\/script>\n<!-- \/ Yoast SEO plugin. -->","yoast_head_json":{"title":"Fotos Boudoir Sevilla Cadiz Jerez Badajoz Cordoba Huelva","robots":{"index":"index","follow":"follow","max-snippet":"max-snippet:-1","max-image-preview":"max-image-preview:large","max-video-preview":"max-video-preview:-1"},"canonical":"http:\/\/www.juancarloscabral.es\/web\/fotos-boudoir-sevilla-cadiz-huelva-cordoba\/","og_locale":"es_ES","og_type":"article","og_title":"Fotos Boudoir Sevilla Cadiz Jerez Badajoz Cordoba Huelva","og_description":"Fotograf\u00eda BOUDOIR &nbsp; Boudoir: &#8220;Elegante sala de estar privada aneja a la alcoba principal, de uso exclusivo de las mujeres&#8221; Esta sala o tocador goza de una enorme tradici\u00f3n art\u00edstica, siendo representada desde la pintura a la fotograf\u00eda. Pero es ahora, en nuestro pa\u00eds, cuando se inicia con m\u00e1s fuerza un resurgir en este tipo [&hellip;]","og_url":"http:\/\/www.juancarloscabral.es\/web\/fotos-boudoir-sevilla-cadiz-huelva-cordoba\/","og_site_name":"Juan Carlos Cabral","article_modified_time":"2015-01-23T15:50:57+00:00","og_image":[{"url":"http:\/\/www.juancarloscabral.es\/web\/wp-content\/uploads\/2014\/08\/Sesion-fotos-Boudoir-14.jpg"}],"twitter_misc":{"Tiempo de lectura":"2 minutos"},"schema":{"@context":"https:\/\/schema.org","@graph":[{"@type":"WebSite","@id":"http:\/\/www.juancarloscabral.es\/web\/#website","url":"http:\/\/www.juancarloscabral.es\/web\/","name":"Juan Carlos Cabral","description":"Fot\u00f3grafo,Bodas,Retratos","potentialAction":[{"@type":"SearchAction","target":{"@type":"EntryPoint","urlTemplate":"http:\/\/www.juancarloscabral.es\/web\/?s={search_term_string}"},"query-input":"required name=search_term_string"}],"inLanguage":"es"},{"@type":"ImageObject","@id":"http:\/\/www.juancarloscabral.es\/web\/fotos-boudoir-sevilla-cadiz-huelva-cordoba\/#primaryimage","inLanguage":"es","url":"http:\/\/www.juancarloscabral.es\/web\/wp-content\/uploads\/2014\/08\/Sesion-fotos-Boudoir-14.jpg","contentUrl":"http:\/\/www.juancarloscabral.es\/web\/wp-content\/uploads\/2014\/08\/Sesion-fotos-Boudoir-14.jpg","width":860,"height":573,"caption":"Boudoir Sevilla"},{"@type":"WebPage","@id":"http:\/\/www.juancarloscabral.es\/web\/fotos-boudoir-sevilla-cadiz-huelva-cordoba\/#webpage","url":"http:\/\/www.juancarloscabral.es\/web\/fotos-boudoir-sevilla-cadiz-huelva-cordoba\/","name":"Fotos Boudoir Sevilla Cadiz Jerez Badajoz Cordoba Huelva","isPartOf":{"@id":"http:\/\/www.juancarloscabral.es\/web\/#website"},"primaryImageOfPage":{"@id":"http:\/\/www.juancarloscabral.es\/web\/fotos-boudoir-sevilla-cadiz-huelva-cordoba\/#primaryimage"},"datePublished":"2014-01-28T17:38:03+00:00","dateModified":"2015-01-23T15:50:57+00:00","breadcrumb":{"@id":"http:\/\/www.juancarloscabral.es\/web\/fotos-boudoir-sevilla-cadiz-huelva-cordoba\/#breadcrumb"},"inLanguage":"es","potentialAction":[{"@type":"ReadAction","target":["http:\/\/www.juancarloscabral.es\/web\/fotos-boudoir-sevilla-cadiz-huelva-cordoba\/"]}]},{"@type":"BreadcrumbList","@id":"http:\/\/www.juancarloscabral.es\/web\/fotos-boudoir-sevilla-cadiz-huelva-cordoba\/#breadcrumb","itemListElement":[{"@type":"ListItem","position":1,"name":"Fotos Boudoir"}]}]}},"_links":{"self":[{"href":"http:\/\/www.juancarloscabral.es\/web\/wp-json\/wp\/v2\/pages\/1665"}],"collection":[{"href":"http:\/\/www.juancarloscabral.es\/web\/wp-json\/wp\/v2\/pages"}],"about":[{"href":"http:\/\/www.juancarloscabral.es\/web\/wp-json\/wp\/v2\/types\/page"}],"author":[{"embeddable":true,"href":"http:\/\/www.juancarloscabral.es\/web\/wp-json\/wp\/v2\/users\/1"}],"replies":[{"embeddable":true,"href":"http:\/\/www.juancarloscabral.es\/web\/wp-json\/wp\/v2\/comments?post=1665"}],"version-history":[{"count":37,"href":"http:\/\/www.juancarloscabral.es\/web\/wp-json\/wp\/v2\/pages\/1665\/revisions"}],"predecessor-version":[{"id":3721,"href":"http:\/\/www.juancarloscabral.es\/web\/wp-json\/wp\/v2\/pages\/1665\/revisions\/3721"}],"wp:attachment":[{"href":"http:\/\/www.juancarloscabral.es\/web\/wp-json\/wp\/v2\/media?parent=1665"}],"curies":[{"name":"wp","href":"https:\/\/api.w.org\/{rel}","templated":true}]}}