{"id":3803,"date":"2015-02-11T16:05:18","date_gmt":"2015-02-11T15:05:18","guid":{"rendered":"http:\/\/www.juancarloscabral.es\/web\/?page_id=3803"},"modified":"2017-11-21T16:38:08","modified_gmt":"2017-11-21T15:38:08","slug":"sbtemp2017actu23012017","status":"publish","type":"page","link":"http:\/\/www.juancarloscabral.es\/web\/sbtemp2017actu23012017\/","title":{"rendered":"Sesiones Boudoir"},"content":{"rendered":"<p>Hola, aqu\u00ed te muestro las diferentes opciones para tu sesi\u00f3n. Si no se adaptan a tus necesidades no dudes en preguntar y comentarme\u00a0 lo que necesitas o ten\u00edas pensado y te valoramos una sesi\u00f3n a medida.<\/p>\n<p><img loading=\"lazy\" class=\"aligncenter size-full wp-image-4830\" src=\"http:\/\/www.juancarloscabral.es\/web\/wp-content\/uploads\/2015\/02\/Fotografia-Boudoir.jpg\" alt=\"\" width=\"860\" height=\"1216\" srcset=\"http:\/\/www.juancarloscabral.es\/web\/wp-content\/uploads\/2015\/02\/Fotografia-Boudoir.jpg 860w, http:\/\/www.juancarloscabral.es\/web\/wp-content\/uploads\/2015\/02\/Fotografia-Boudoir-306x433.jpg 306w, http:\/\/www.juancarloscabral.es\/web\/wp-content\/uploads\/2015\/02\/Fotografia-Boudoir-768x1086.jpg 768w\" sizes=\"(max-width: 860px) 100vw, 860px\" \/><\/p>\n<h2>Pack &#8220;Play&#8221;<\/h2>\n<p>Incluye<\/p>\n<ul>\n<li>Asesoramiento previo<\/li>\n<li><strong>Dos horas<\/strong> de sesi\u00f3n.<\/li>\n<li>Dos cambios de vestuario.<\/li>\n<li>Un disco personalizado con: 25 fotos\u00a0 procesadas \u00a0en alta calidad sin marcas de agua, listas para imprimir.<\/li>\n<li>Las mismas fotos en tama\u00f1o web, con marca de agua. Para compartir.<\/li>\n<li>Y un regalo.<\/li>\n<\/ul>\n<p>Inversi\u00f3n de <strong>195 \u20ac<\/strong> IVA incluido.<\/p>\n<p><img loading=\"lazy\" class=\"aligncenter size-full wp-image-4745\" src=\"http:\/\/www.juancarloscabral.es\/web\/wp-content\/uploads\/2017\/10\/\u00bfQue-me-pongo-ropa-para-tu-sesion-fotografica-Boudoir-17.jpg\" alt=\"sesiones fotografia sevilla cadiz jerez huelva\" width=\"860\" height=\"573\" srcset=\"http:\/\/www.juancarloscabral.es\/web\/wp-content\/uploads\/2017\/10\/\u00bfQue-me-pongo-ropa-para-tu-sesion-fotografica-Boudoir-17.jpg 860w, http:\/\/www.juancarloscabral.es\/web\/wp-content\/uploads\/2017\/10\/\u00bfQue-me-pongo-ropa-para-tu-sesion-fotografica-Boudoir-17-650x433.jpg 650w, http:\/\/www.juancarloscabral.es\/web\/wp-content\/uploads\/2017\/10\/\u00bfQue-me-pongo-ropa-para-tu-sesion-fotografica-Boudoir-17-768x512.jpg 768w\" sizes=\"(max-width: 860px) 100vw, 860px\" \/><\/p>\n<p>&nbsp;<\/p>\n<h2>Pack &#8220;Momentos&#8221;<\/h2>\n<p>Incluye<\/p>\n<ul>\n<li>Asesoramiento previo<\/li>\n<li><strong>Dos horas<\/strong> de sesi\u00f3n.<\/li>\n<li>Tres cambios de vestuario<\/li>\n<li>Un disco personalizado con: 25 fotos\u00a0 procesadas \u00a0en alta calidad sin marcas de agua, listas para imprimir.<\/li>\n<li>Las mismas fotos en tama\u00f1o web, con marca de agua, para compartir.<\/li>\n<li>Slideshow,presentaci\u00f3n de diapositivas.<\/li>\n<li>\u00c1lbum digital\u00a0 20 x 20 encuadernaci\u00f3n Japonesa de\u00a0 20 p\u00e1ginas en papel fotogr\u00e1fico\u00a0 con las mejores fotos de la sesi\u00f3n.<\/li>\n<\/ul>\n<p>Inversi\u00f3n de <strong>265 \u20ac<\/strong> IVA incluido.<\/p>\n<p><img loading=\"lazy\" class=\"aligncenter size-full wp-image-4829\" src=\"http:\/\/www.juancarloscabral.es\/web\/wp-content\/uploads\/2015\/02\/Frases-Fotografia-Boudoir.jpg\" alt=\"\" width=\"860\" height=\"1216\" srcset=\"http:\/\/www.juancarloscabral.es\/web\/wp-content\/uploads\/2015\/02\/Frases-Fotografia-Boudoir.jpg 860w, http:\/\/www.juancarloscabral.es\/web\/wp-content\/uploads\/2015\/02\/Frases-Fotografia-Boudoir-306x433.jpg 306w, http:\/\/www.juancarloscabral.es\/web\/wp-content\/uploads\/2015\/02\/Frases-Fotografia-Boudoir-768x1086.jpg 768w\" sizes=\"(max-width: 860px) 100vw, 860px\" \/><\/p>\n<p>&nbsp;<\/p>\n<h2>Pack &#8220;Suite&#8221;<\/h2>\n<p>Incluye<\/p>\n<ul>\n<li>Asesoramiento previo<\/li>\n<li><strong>Dos horas y media<\/strong> de sesi\u00f3n.<\/li>\n<li>Tres cambios de vestuario<\/li>\n<li>Un disco personalizado con: Todas\u00a0 las\u00a0 fotos\u00a0 procesadas \u00a0en alta calidad sin marcas de agua, listas para imprimir.<\/li>\n<li>Las mismas fotos en tama\u00f1o web, con marca de agua, para compartir.<\/li>\n<li>Slideshow,presentaci\u00f3n de diapositivas.<\/li>\n<li>\u00c1lbum digital\u00a0 25 x 25 encuadernaci\u00f3n Japonesa de\u00a0 20 p\u00e1ginas en papel fotogr\u00e1fico\u00a0 con las mejores fotos de la sesi\u00f3n.<\/li>\n<\/ul>\n<p>Inversi\u00f3n de <strong>315 \u20ac<\/strong> IVA incluido.<\/p>\n<p>&nbsp;<\/p>\n<h2><strong>No incluyen:<\/strong><\/h2>\n<p>&#8211; Maquillaje ni peluquer\u00eda. Si lo prefieres podemos ocuparnos <strong>50 \u20ac<\/strong> adicionales.<\/p>\n<p>&#8211; Desplazamientos a m\u00e1s de 200 km de Sevilla, en este caso consultar.<\/p>\n<p>&#8211; Habitaci\u00f3n de Hotel en caso de realizarse en este. Normalmente recomiendo hacerlo en casa,un lugar familiar y m\u00e1s personal, tendr\u00e1s m\u00e1s comodidad, te sentir\u00e1s m\u00e1s confiada. En caso de querer una habitaci\u00f3n de Hotel lo dejo a tu elecci\u00f3n.<\/p>\n<p><img loading=\"lazy\" class=\"aligncenter size-full wp-image-4722\" src=\"http:\/\/www.juancarloscabral.es\/web\/wp-content\/uploads\/2017\/10\/Sesion-fotos-lifestyle-sevilla-Jerez-boudoir-013.jpg\" alt=\"fotografia vestuario boudoir sevilla jerez badajoz huelva\" width=\"860\" height=\"645\" srcset=\"http:\/\/www.juancarloscabral.es\/web\/wp-content\/uploads\/2017\/10\/Sesion-fotos-lifestyle-sevilla-Jerez-boudoir-013.jpg 860w, http:\/\/www.juancarloscabral.es\/web\/wp-content\/uploads\/2017\/10\/Sesion-fotos-lifestyle-sevilla-Jerez-boudoir-013-577x433.jpg 577w, http:\/\/www.juancarloscabral.es\/web\/wp-content\/uploads\/2017\/10\/Sesion-fotos-lifestyle-sevilla-Jerez-boudoir-013-768x576.jpg 768w\" sizes=\"(max-width: 860px) 100vw, 860px\" \/><\/p>\n<p>&nbsp;<\/p>\n<p>Si prefieres que nos ocupemos de todo pide presupuesto personalizado.<\/p>\n<p>Tenemos m\u00e1s opciones de acabados, \u00a0 \u00e1lbumes, ampliaciones, etc.\u00a0<strong>Cons\u00faltame<\/strong><\/p>\n<p><img loading=\"lazy\" class=\"aligncenter size-full wp-image-4747\" src=\"http:\/\/www.juancarloscabral.es\/web\/wp-content\/uploads\/2017\/10\/\u00bfQue-me-pongo-ropa-para-tu-sesion-fotografica-Boudoir-9.jpg\" alt=\"sesiones fotografia sevilla cadiz jerez huelva\" width=\"860\" height=\"573\" srcset=\"http:\/\/www.juancarloscabral.es\/web\/wp-content\/uploads\/2017\/10\/\u00bfQue-me-pongo-ropa-para-tu-sesion-fotografica-Boudoir-9.jpg 860w, http:\/\/www.juancarloscabral.es\/web\/wp-content\/uploads\/2017\/10\/\u00bfQue-me-pongo-ropa-para-tu-sesion-fotografica-Boudoir-9-650x433.jpg 650w, http:\/\/www.juancarloscabral.es\/web\/wp-content\/uploads\/2017\/10\/\u00bfQue-me-pongo-ropa-para-tu-sesion-fotografica-Boudoir-9-768x512.jpg 768w\" sizes=\"(max-width: 860px) 100vw, 860px\" \/><\/p>\n<p>No dudes en preguntar, estar\u00e9 encantado de ayudarte.<\/p>\n<p>Puedes ecribirme un email a<a href=\"boudoir@juancarloscabral.es\"> boudoir\u00a0@ juancarloscabral.es<\/a> o, \u00a0si lo deseas,<\/p>\n<p>puedes llamar al 649 760 372. O Whatshapp al mismo numero.<\/p>\n<p>Un saludo, \u00a0J. Carlos Cabral.<\/p>\n<p>&nbsp;<\/p>\n<p>&nbsp;<\/p>\n<div class=\"linkwithin_hook\" id=\"http:\/\/www.juancarloscabral.es\/web\/sbtemp2017actu23012017\/\"><\/div><script>\r\n<!-- \/\/LinkWithinCodeStart\r\nvar linkwithin_site_id = 2477897;\r\nvar linkwithin_div_class = \"linkwithin_hook\";\r\n\/\/LinkWithinCodeEnd -->\r\n<\/script>\r\n<script src=\"http:\/\/www.linkwithin.com\/widget.js\"><\/script>\r\n<a href=\"http:\/\/www.linkwithin.com\/\"><img src=\"http:\/\/www.linkwithin.com\/pixel.png\" alt=\"Related Posts Plugin for WordPress, Blogger...\" style=\"border: 0\" \/><\/a><div class=\"pp-fb-like-btn-wrap\"><div class=\"fb-like\" data-href=\"http:\/\/www.juancarloscabral.es\/web\/sbtemp2017actu23012017\/\" data-share=\"true\" data-layout=\"standard\" data-width=\"450\" data-show-faces=\"false\" data-action=\"like\"><\/div><\/div>","protected":false},"excerpt":{"rendered":"<p>Hola, aqu\u00ed te muestro las diferentes opciones para tu sesi\u00f3n. Si no se adaptan a tus necesidades no dudes en preguntar y comentarme\u00a0 lo que necesitas o ten\u00edas pensado y te valoramos una sesi\u00f3n a medida. Pack &#8220;Play&#8221; Incluye Asesoramiento previo Dos horas de sesi\u00f3n. Dos cambios de vestuario. Un disco personalizado con: 25 fotos\u00a0 [&hellip;]<\/p>\n<script>\r\n<!-- \/\/LinkWithinCodeStart\r\nvar linkwithin_site_id = 2477897;\r\nvar linkwithin_div_class = \"linkwithin_hook\";\r\n\/\/LinkWithinCodeEnd -->\r\n<\/script>\r\n<script src=\"http:\/\/www.linkwithin.com\/widget.js\"><\/script>\r\n<a href=\"http:\/\/www.linkwithin.com\/\"><img src=\"http:\/\/www.linkwithin.com\/pixel.png\" alt=\"Related Posts Plugin for WordPress, Blogger...\" style=\"border: 0\" \/><\/a>","protected":false},"author":1,"featured_media":0,"parent":0,"menu_order":0,"comment_status":"open","ping_status":"open","template":"","meta":[],"yoast_head":"<!-- This site is optimized with the Yoast SEO plugin v17.3 - https:\/\/yoast.com\/wordpress\/plugins\/seo\/ -->\n<title>11022015<\/title>\n<meta name=\"description\" content=\"pre\" \/>\n<meta name=\"robots\" content=\"index, follow, max-snippet:-1, max-image-preview:large, max-video-preview:-1\" \/>\n<link rel=\"canonical\" href=\"http:\/\/www.juancarloscabral.es\/web\/sbtemp2017actu23012017\/\" \/>\n<meta property=\"og:locale\" content=\"es_ES\" \/>\n<meta property=\"og:type\" content=\"article\" \/>\n<meta property=\"og:title\" content=\"11022015\" \/>\n<meta property=\"og:description\" content=\"pre\" \/>\n<meta property=\"og:url\" content=\"http:\/\/www.juancarloscabral.es\/web\/sbtemp2017actu23012017\/\" \/>\n<meta property=\"og:site_name\" content=\"Juan Carlos Cabral\" \/>\n<meta property=\"article:modified_time\" content=\"2017-11-21T15:38:08+00:00\" \/>\n<meta property=\"og:image\" content=\"http:\/\/www.juancarloscabral.es\/web\/wp-content\/uploads\/2015\/02\/Fotografia-Boudoir.jpg\" \/>\n<meta name=\"twitter:label1\" content=\"Tiempo de lectura\" \/>\n\t<meta name=\"twitter:data1\" content=\"2 minutos\" \/>\n<script type=\"application\/ld+json\" class=\"yoast-schema-graph\">{\"@context\":\"https:\/\/schema.org\",\"@graph\":[{\"@type\":\"WebSite\",\"@id\":\"http:\/\/www.juancarloscabral.es\/web\/#website\",\"url\":\"http:\/\/www.juancarloscabral.es\/web\/\",\"name\":\"Juan Carlos Cabral\",\"description\":\"Fot\\u00f3grafo,Bodas,Retratos\",\"potentialAction\":[{\"@type\":\"SearchAction\",\"target\":{\"@type\":\"EntryPoint\",\"urlTemplate\":\"http:\/\/www.juancarloscabral.es\/web\/?s={search_term_string}\"},\"query-input\":\"required name=search_term_string\"}],\"inLanguage\":\"es\"},{\"@type\":\"ImageObject\",\"@id\":\"http:\/\/www.juancarloscabral.es\/web\/sbtemp2017actu23012017\/#primaryimage\",\"inLanguage\":\"es\",\"url\":\"http:\/\/www.juancarloscabral.es\/web\/wp-content\/uploads\/2015\/02\/Fotografia-Boudoir.jpg\",\"contentUrl\":\"http:\/\/www.juancarloscabral.es\/web\/wp-content\/uploads\/2015\/02\/Fotografia-Boudoir.jpg\",\"width\":860,\"height\":1216},{\"@type\":\"WebPage\",\"@id\":\"http:\/\/www.juancarloscabral.es\/web\/sbtemp2017actu23012017\/#webpage\",\"url\":\"http:\/\/www.juancarloscabral.es\/web\/sbtemp2017actu23012017\/\",\"name\":\"11022015\",\"isPartOf\":{\"@id\":\"http:\/\/www.juancarloscabral.es\/web\/#website\"},\"primaryImageOfPage\":{\"@id\":\"http:\/\/www.juancarloscabral.es\/web\/sbtemp2017actu23012017\/#primaryimage\"},\"datePublished\":\"2015-02-11T15:05:18+00:00\",\"dateModified\":\"2017-11-21T15:38:08+00:00\",\"description\":\"pre\",\"breadcrumb\":{\"@id\":\"http:\/\/www.juancarloscabral.es\/web\/sbtemp2017actu23012017\/#breadcrumb\"},\"inLanguage\":\"es\",\"potentialAction\":[{\"@type\":\"ReadAction\",\"target\":[\"http:\/\/www.juancarloscabral.es\/web\/sbtemp2017actu23012017\/\"]}]},{\"@type\":\"BreadcrumbList\",\"@id\":\"http:\/\/www.juancarloscabral.es\/web\/sbtemp2017actu23012017\/#breadcrumb\",\"itemListElement\":[{\"@type\":\"ListItem\",\"position\":1,\"name\":\"Sesiones Boudoir\"}]}]}<\/script>\n<!-- \/ Yoast SEO plugin. -->","yoast_head_json":{"title":"11022015","description":"pre","robots":{"index":"index","follow":"follow","max-snippet":"max-snippet:-1","max-image-preview":"max-image-preview:large","max-video-preview":"max-video-preview:-1"},"canonical":"http:\/\/www.juancarloscabral.es\/web\/sbtemp2017actu23012017\/","og_locale":"es_ES","og_type":"article","og_title":"11022015","og_description":"pre","og_url":"http:\/\/www.juancarloscabral.es\/web\/sbtemp2017actu23012017\/","og_site_name":"Juan Carlos Cabral","article_modified_time":"2017-11-21T15:38:08+00:00","og_image":[{"url":"http:\/\/www.juancarloscabral.es\/web\/wp-content\/uploads\/2015\/02\/Fotografia-Boudoir.jpg"}],"twitter_misc":{"Tiempo de lectura":"2 minutos"},"schema":{"@context":"https:\/\/schema.org","@graph":[{"@type":"WebSite","@id":"http:\/\/www.juancarloscabral.es\/web\/#website","url":"http:\/\/www.juancarloscabral.es\/web\/","name":"Juan Carlos Cabral","description":"Fot\u00f3grafo,Bodas,Retratos","potentialAction":[{"@type":"SearchAction","target":{"@type":"EntryPoint","urlTemplate":"http:\/\/www.juancarloscabral.es\/web\/?s={search_term_string}"},"query-input":"required name=search_term_string"}],"inLanguage":"es"},{"@type":"ImageObject","@id":"http:\/\/www.juancarloscabral.es\/web\/sbtemp2017actu23012017\/#primaryimage","inLanguage":"es","url":"http:\/\/www.juancarloscabral.es\/web\/wp-content\/uploads\/2015\/02\/Fotografia-Boudoir.jpg","contentUrl":"http:\/\/www.juancarloscabral.es\/web\/wp-content\/uploads\/2015\/02\/Fotografia-Boudoir.jpg","width":860,"height":1216},{"@type":"WebPage","@id":"http:\/\/www.juancarloscabral.es\/web\/sbtemp2017actu23012017\/#webpage","url":"http:\/\/www.juancarloscabral.es\/web\/sbtemp2017actu23012017\/","name":"11022015","isPartOf":{"@id":"http:\/\/www.juancarloscabral.es\/web\/#website"},"primaryImageOfPage":{"@id":"http:\/\/www.juancarloscabral.es\/web\/sbtemp2017actu23012017\/#primaryimage"},"datePublished":"2015-02-11T15:05:18+00:00","dateModified":"2017-11-21T15:38:08+00:00","description":"pre","breadcrumb":{"@id":"http:\/\/www.juancarloscabral.es\/web\/sbtemp2017actu23012017\/#breadcrumb"},"inLanguage":"es","potentialAction":[{"@type":"ReadAction","target":["http:\/\/www.juancarloscabral.es\/web\/sbtemp2017actu23012017\/"]}]},{"@type":"BreadcrumbList","@id":"http:\/\/www.juancarloscabral.es\/web\/sbtemp2017actu23012017\/#breadcrumb","itemListElement":[{"@type":"ListItem","position":1,"name":"Sesiones Boudoir"}]}]}},"_links":{"self":[{"href":"http:\/\/www.juancarloscabral.es\/web\/wp-json\/wp\/v2\/pages\/3803"}],"collection":[{"href":"http:\/\/www.juancarloscabral.es\/web\/wp-json\/wp\/v2\/pages"}],"about":[{"href":"http:\/\/www.juancarloscabral.es\/web\/wp-json\/wp\/v2\/types\/page"}],"author":[{"embeddable":true,"href":"http:\/\/www.juancarloscabral.es\/web\/wp-json\/wp\/v2\/users\/1"}],"replies":[{"embeddable":true,"href":"http:\/\/www.juancarloscabral.es\/web\/wp-json\/wp\/v2\/comments?post=3803"}],"version-history":[{"count":35,"href":"http:\/\/www.juancarloscabral.es\/web\/wp-json\/wp\/v2\/pages\/3803\/revisions"}],"predecessor-version":[{"id":4834,"href":"http:\/\/www.juancarloscabral.es\/web\/wp-json\/wp\/v2\/pages\/3803\/revisions\/4834"}],"wp:attachment":[{"href":"http:\/\/www.juancarloscabral.es\/web\/wp-json\/wp\/v2\/media?parent=3803"}],"curies":[{"name":"wp","href":"https:\/\/api.w.org\/{rel}","templated":true}]}}