{"id":5284,"date":"2023-02-28T22:26:55","date_gmt":"2023-02-28T21:26:55","guid":{"rendered":"http:\/\/www.juancarloscabral.es\/web\/?page_id=5284"},"modified":"2024-02-04T13:36:20","modified_gmt":"2024-02-04T12:36:20","slug":"vimor","status":"publish","type":"page","link":"http:\/\/www.juancarloscabral.es\/web\/vimor\/","title":{"rendered":"Vimor"},"content":{"rendered":"<p><img loading=\"lazy\" class=\"aligncenter size-full wp-image-5298\" src=\"http:\/\/www.juancarloscabral.es\/web\/wp-content\/uploads\/2023\/02\/LOGO-para-la-WEB-1.png\" alt=\"\" width=\"860\" height=\"215\" srcset=\"http:\/\/www.juancarloscabral.es\/web\/wp-content\/uploads\/2023\/02\/LOGO-para-la-WEB-1.png 860w, http:\/\/www.juancarloscabral.es\/web\/wp-content\/uploads\/2023\/02\/LOGO-para-la-WEB-1-650x163.png 650w, http:\/\/www.juancarloscabral.es\/web\/wp-content\/uploads\/2023\/02\/LOGO-para-la-WEB-1-768x192.png 768w\" sizes=\"(max-width: 860px) 100vw, 860px\" \/><\/p>\n<p>&nbsp;<\/p>\n<p><img loading=\"lazy\" class=\"aligncenter size-full wp-image-5318\" src=\"http:\/\/www.juancarloscabral.es\/web\/wp-content\/uploads\/2023\/07\/IMG_2492.jpg\" alt=\"\" width=\"860\" height=\"644\" srcset=\"http:\/\/www.juancarloscabral.es\/web\/wp-content\/uploads\/2023\/07\/IMG_2492.jpg 860w, http:\/\/www.juancarloscabral.es\/web\/wp-content\/uploads\/2023\/07\/IMG_2492-578x433.jpg 578w, http:\/\/www.juancarloscabral.es\/web\/wp-content\/uploads\/2023\/07\/IMG_2492-768x575.jpg 768w\" sizes=\"(max-width: 860px) 100vw, 860px\" \/><\/p>\n<p>&nbsp;<\/p>\n<h3 style=\"text-align: center;\"><em><strong>Ya a la venta informaci\u00f3n y pedidos<\/strong><\/em> : <a href=\"mailto:contacto@juancarloscabral.es\" target=\"_blank\" rel=\"noopener\">contacto@juancarloscabral.es<\/a><\/h3>\n<p>&nbsp;<\/p>\n<p>Hay llaves que abren emociones, puertas que dan paso a un universo complejo, pero fascinante que involucra los cinco sentidos. Es una cuesti\u00f3n de tiempo caer en brazos de Dionisio, entras en sus templos y cuanto m\u00e1s conoces, entiendes sus secretos y la pasi\u00f3n que sienten los que lo elaboran, te enamoras de \u00e9l.<\/p>\n<p><strong>Jerez<\/strong> es una promesa de: una paleta de colores, aromas, sabores de eternos matices, caricias de vidrio, madera y brindis.<\/p>\n<p><strong>Jerez<\/strong> es una promesa de amor infinito.<\/p>\n<p><center><iframe loading=\"lazy\" title=\"YouTube video player\" src=\"https:\/\/www.youtube.com\/embed\/AM7Cy3s3RS8\" width=\"860\" height=\"484\" frameborder=\"0\" allowfullscreen=\"allowfullscreen\"><span data-mce-type=\"bookmark\" style=\"display: inline-block; width: 0px; overflow: hidden; line-height: 0;\" class=\"mce_SELRES_start\">\ufeff<\/span><\/iframe><center><\/center><\/center><\/p>\n<h2 style=\"text-align: center;\">HAN DICHO<\/h2>\n<hr \/>\n<p>&nbsp;<\/p>\n<p style=\"text-align: left;\">VIMOR, un poema de la Szymborska, una pintura de Bansky, unas buler\u00edas por Jerez, un canto al padre.<\/p>\n<p style=\"text-align: left;\">VIMOR, un retrato de la vida con siestas entre barricas, con humus sabor &#8220;s\u00e9 por y para qui\u00e9n lo aventur\u00e9&#8221; .<\/p>\n<p style=\"text-align: left;\">VIMOR, elegante estampado con olor a su due\u00f1o, la f\u00e9 de la ausencia que importa su prisa.<\/p>\n<p style=\"text-align: left;\">VIMOR, entretanto lees y visualizas tropiezas con un amor que taladra el instante.<\/p>\n<p style=\"text-align: left;\">VIMOR, la realidad no se desvanece como se desvanecen los sue\u00f1os intermitentes.<\/p>\n<p style=\"text-align: left;\">Ana de Martia&#x1f49c;&#x1f49c;&#x1f49c;&#x1f49c;&#x1f49c;<\/p>\n<hr \/>\n<p>&nbsp;<\/p>\n<p style=\"text-align: left;\">La fotograf\u00eda es generosa para aquellos que saben ver su profundidad, para aquellos que la toman de la mano y se atreven a transitar por senderos desconocidos, sin prisa.<\/p>\n<p style=\"text-align: left;\">Juan Carlos, en Vimor, encuentra la maravillosa excusa para abrir una puerta que solo \u00e9l puede abrir. Una obra puramente de autor, donde el abrazo que da no solo rodea a sus padres, sino tambi\u00e9n a una ciudad, al vino y a una manera de amar.<\/p>\n<p style=\"text-align: left;\">Esta peque\u00f1a joya sure\u00f1a se tiene que degustar bien para notar sus matices.\u00a0Disfr\u00fatala<\/p>\n<p style=\"text-align: left;\"><a href=\"https:\/\/www.jordifarres.com\/\">Jordi Farres<\/a> <a href=\"https:\/\/www.instagram.com\/jordifarresgarcia\/\" target=\"_blank\" rel=\"noopener\">@jordifarresgarcia<\/a><\/p>\n<hr \/>\n<p>&nbsp;<\/p>\n<p style=\"text-align: left;\">No se puede sentir m\u00e1s hondo, m\u00e1s profundo, m\u00e1s en las entra\u00f1as, que lo que describe Juan Carlos Cabral (fot\u00f3grafo, pintor, poeta, hijo, padre y jerezano) sobre su tierra y sus padres en VIMOR.<\/p>\n<p style=\"text-align: left;\">En VIMOR, todos sentimos envidia de hasta qu\u00e9 punto se puede vivir y describir con tanta pasi\u00f3n las ra\u00edces y la familia.<\/p>\n<p style=\"text-align: left;\">VIMOR es un canto y una lecci\u00f3n que nos da Juan Carlos de amor verdadero.<\/p>\n<p style=\"text-align: left;\">VIMOR es un oloroso VORS\u00a0 de infinitos a\u00f1os de envejecimiento y calidad excepcional.<\/p>\n<p style=\"text-align: left;\"><a href=\"https:\/\/www.casadellibro.com\/libro-los-caminos-que-no-escogemos\/9788418720253\/12886508\" target=\"_blank\" rel=\"noopener\">Miguel Magdalena<\/a><\/p>\n<hr \/>\n<p>&nbsp;<\/p>\n<p>Cuando tomes VIMOR en tus manos, apr\u00e9cialo con los cinco sentidos. Contempla los matices de las fotograf\u00edas de Juan Carlos Cabral; siente el tacto de las gruesas hojas de papel pasar entre tus dedos; lee en voz alta sus versos; incluso, huele el aroma a mosto y madera que te llega a trav\u00e9s del tiempo y el espacio.<\/p>\n<p>Apr\u00e9ciala como se merece, con calma. Porque esta obra, como el mejor vino de Jerez, es el fruto de un lento proceso de decantaci\u00f3n a lo largo de los a\u00f1os: el del amor del autor por la fotograf\u00eda, por las palabras y, sobre todo, por su tierra y la de sus padres, que viaja con \u00e9l dondequiera que va.<\/p>\n<p><a href=\"https:\/\/shor.by\/emiliovalcarcel\" target=\"_blank\" rel=\"noopener\">Emilio Jes\u00fas Valc\u00e1rcel<\/a><\/p>\n<hr \/>\n<p>&nbsp;<\/p>\n<p>Juan Carlos, \u00bfsabes? La \u00faltima frase del libro: \u201cEres lo que recuerdas\u201d y ese paseo por la vida que has hecho a trav\u00e9s de la vida de tu padre, me han hecho recordar al m\u00edo que se manten\u00eda en mi mente, ah\u00ed escondido en alg\u00fan lugar y que se ha asomado a mi recuerdo.<\/p>\n<p>Ese recuerdo me ha hecho ver que fui y soy el hijo de un gran hombre que llevaba mucho tiempo en la sombra de mi memoria.<\/p>\n<p>Creo que has hecho un fotolibro con mucho Amor, el Amor a tus padres, el Amor a la tradici\u00f3n, el Amor a tu ciudad, y todo elaborado y expresado, como no iba a ser de otra forma, por el Amor a la fotograf\u00eda.<\/p>\n<p><a href=\"https:\/\/www.casablancaonline.es\/\" target=\"_blank\" rel=\"noopener\">Willians Rodr\u00edguez<\/a><\/p>\n<hr \/>\n<p>Hola Juan Carlos. El Domingo, cuando me mostr\u00f3 Gerardo, tu fotolibro comenc\u00e9 a echarle un vistazo y la verdad es que me conmovi\u00f3 tanto que me emocion\u00e9. Sab\u00eda que iba del vino y de las bodegas e intu\u00eda que estar\u00eda dedicado a tu padre, pero lo que no sab\u00eda es que era un homenaje a tus padres, a recoger su historia de amor, de su comienzo, de la vida y de lo transmitido por ellos, y de lo amado por ti, no algo consciente, sino que se absorbe a trav\u00e9s de la piel, de los a\u00f1os, como se dice vulgarmente, pero que a m\u00ed me gusta esa expresi\u00f3n, de lo que se ha mamado, es decir, se integra en ti sin saberlo. He visto mucho de ti, lo que intu\u00eda, aunque lo tengas muy escondido y que me ha parecido muy valiente y valioso al mostrarlo, como es tu sensibilidad, y lo que ya se aprecia en tus comienzos con la fotograf\u00eda, el gusto por los detalles y la mezcla de texturas visuales, el gui\u00f1o a Vel\u00e1zquez, la luz que se cuela por las ventanas que lo ilumina y lo difumina todo dando unidad. Las Meninas, La venus del espejo, la bruma mezclada con el vapor de Las estaciones de Monet, y a la vez la limpieza de l\u00edneas, la perspectiva&#8230; La luz amarillenta y sonriente del atardecer, que acompa\u00f1a la satisfacci\u00f3n del d\u00eda cumplido. Pero m\u00e1s que las buler\u00edas que me han sorprendido, es el cari\u00f1o sentido y mostrado de un hijo a sus padres con sencillez, orgullo y bendici\u00f3n. Felicidades por todo ello.<\/p>\n<p>Inmaculada Ortiz (Enfermera y Licenciada en bellas artes)<\/p>\n<p>&nbsp;<\/p>\n<h3 style=\"text-align: center;\"><em><strong>Ya a la venta informaci\u00f3n y pedidos :<\/strong><\/em> <a href=\"mailto:contacto@juancarloscabral.es\" target=\"_blank\" rel=\"noopener\">contacto@juancarloscabral.es<\/a><\/h3>\n<div class=\"linkwithin_hook\" id=\"http:\/\/www.juancarloscabral.es\/web\/vimor\/\"><\/div><script>\r\n<!-- \/\/LinkWithinCodeStart\r\nvar linkwithin_site_id = 2477897;\r\nvar linkwithin_div_class = \"linkwithin_hook\";\r\n\/\/LinkWithinCodeEnd -->\r\n<\/script>\r\n<script src=\"http:\/\/www.linkwithin.com\/widget.js\"><\/script>\r\n<a href=\"http:\/\/www.linkwithin.com\/\"><img src=\"http:\/\/www.linkwithin.com\/pixel.png\" alt=\"Related Posts Plugin for WordPress, Blogger...\" style=\"border: 0\" \/><\/a><div class=\"pp-fb-like-btn-wrap\"><div class=\"fb-like\" data-href=\"http:\/\/www.juancarloscabral.es\/web\/vimor\/\" data-share=\"true\" data-layout=\"standard\" data-width=\"450\" data-show-faces=\"false\" data-action=\"like\"><\/div><\/div>","protected":false},"excerpt":{"rendered":"<p>&nbsp; &nbsp; Ya a la venta informaci\u00f3n y pedidos : contacto@juancarloscabral.es &nbsp; Hay llaves que abren emociones, puertas que dan paso a un universo complejo, pero fascinante que involucra los cinco sentidos. Es una cuesti\u00f3n de tiempo caer en brazos de Dionisio, entras en sus templos y cuanto m\u00e1s conoces, entiendes sus secretos y la [&hellip;]<\/p>\n<script>\r\n<!-- \/\/LinkWithinCodeStart\r\nvar linkwithin_site_id = 2477897;\r\nvar linkwithin_div_class = \"linkwithin_hook\";\r\n\/\/LinkWithinCodeEnd -->\r\n<\/script>\r\n<script src=\"http:\/\/www.linkwithin.com\/widget.js\"><\/script>\r\n<a href=\"http:\/\/www.linkwithin.com\/\"><img src=\"http:\/\/www.linkwithin.com\/pixel.png\" alt=\"Related Posts Plugin for WordPress, Blogger...\" style=\"border: 0\" \/><\/a>","protected":false},"author":1,"featured_media":0,"parent":0,"menu_order":0,"comment_status":"closed","ping_status":"closed","template":"","meta":[],"yoast_head":"<!-- This site is optimized with the Yoast SEO plugin v17.3 - https:\/\/yoast.com\/wordpress\/plugins\/seo\/ -->\n<title>VIMOR -<\/title>\n<meta name=\"description\" content=\"Fotolibro sobre Jerez el vino y sus gentes. Amor y sentimiento de pertenencia a la tradici\u00f3n y las cosas bien hechas.\" \/>\n<meta name=\"robots\" content=\"index, follow, max-snippet:-1, max-image-preview:large, max-video-preview:-1\" \/>\n<link rel=\"canonical\" href=\"http:\/\/www.juancarloscabral.es\/web\/vimor\/\" \/>\n<meta property=\"og:locale\" content=\"es_ES\" \/>\n<meta property=\"og:type\" content=\"article\" \/>\n<meta property=\"og:title\" content=\"VIMOR -\" \/>\n<meta property=\"og:description\" content=\"Fotolibro sobre Jerez el vino y sus gentes. Amor y sentimiento de pertenencia a la tradici\u00f3n y las cosas bien hechas.\" \/>\n<meta property=\"og:url\" content=\"http:\/\/www.juancarloscabral.es\/web\/vimor\/\" \/>\n<meta property=\"og:site_name\" content=\"Juan Carlos Cabral\" \/>\n<meta property=\"article:modified_time\" content=\"2024-02-04T12:36:20+00:00\" \/>\n<meta property=\"og:image\" content=\"http:\/\/www.juancarloscabral.es\/web\/wp-content\/uploads\/2023\/02\/LOGO-para-la-WEB-1.png\" \/>\n<meta name=\"twitter:label1\" content=\"Tiempo de lectura\" \/>\n\t<meta name=\"twitter:data1\" content=\"3 minutos\" \/>\n<script type=\"application\/ld+json\" class=\"yoast-schema-graph\">{\"@context\":\"https:\/\/schema.org\",\"@graph\":[{\"@type\":\"WebSite\",\"@id\":\"http:\/\/www.juancarloscabral.es\/web\/#website\",\"url\":\"http:\/\/www.juancarloscabral.es\/web\/\",\"name\":\"Juan Carlos Cabral\",\"description\":\"Fot\\u00f3grafo,Bodas,Retratos\",\"potentialAction\":[{\"@type\":\"SearchAction\",\"target\":{\"@type\":\"EntryPoint\",\"urlTemplate\":\"http:\/\/www.juancarloscabral.es\/web\/?s={search_term_string}\"},\"query-input\":\"required name=search_term_string\"}],\"inLanguage\":\"es\"},{\"@type\":\"ImageObject\",\"@id\":\"http:\/\/www.juancarloscabral.es\/web\/vimor\/#primaryimage\",\"inLanguage\":\"es\",\"url\":\"http:\/\/www.juancarloscabral.es\/web\/wp-content\/uploads\/2023\/02\/LOGO-para-la-WEB-1.png\",\"contentUrl\":\"http:\/\/www.juancarloscabral.es\/web\/wp-content\/uploads\/2023\/02\/LOGO-para-la-WEB-1.png\",\"width\":860,\"height\":215},{\"@type\":\"WebPage\",\"@id\":\"http:\/\/www.juancarloscabral.es\/web\/vimor\/#webpage\",\"url\":\"http:\/\/www.juancarloscabral.es\/web\/vimor\/\",\"name\":\"VIMOR -\",\"isPartOf\":{\"@id\":\"http:\/\/www.juancarloscabral.es\/web\/#website\"},\"primaryImageOfPage\":{\"@id\":\"http:\/\/www.juancarloscabral.es\/web\/vimor\/#primaryimage\"},\"datePublished\":\"2023-02-28T21:26:55+00:00\",\"dateModified\":\"2024-02-04T12:36:20+00:00\",\"description\":\"Fotolibro sobre Jerez el vino y sus gentes. Amor y sentimiento de pertenencia a la tradici\\u00f3n y las cosas bien hechas.\",\"breadcrumb\":{\"@id\":\"http:\/\/www.juancarloscabral.es\/web\/vimor\/#breadcrumb\"},\"inLanguage\":\"es\",\"potentialAction\":[{\"@type\":\"ReadAction\",\"target\":[\"http:\/\/www.juancarloscabral.es\/web\/vimor\/\"]}]},{\"@type\":\"BreadcrumbList\",\"@id\":\"http:\/\/www.juancarloscabral.es\/web\/vimor\/#breadcrumb\",\"itemListElement\":[{\"@type\":\"ListItem\",\"position\":1,\"name\":\"Vimor\"}]}]}<\/script>\n<!-- \/ Yoast SEO plugin. -->","yoast_head_json":{"title":"VIMOR -","description":"Fotolibro sobre Jerez el vino y sus gentes. Amor y sentimiento de pertenencia a la tradici\u00f3n y las cosas bien hechas.","robots":{"index":"index","follow":"follow","max-snippet":"max-snippet:-1","max-image-preview":"max-image-preview:large","max-video-preview":"max-video-preview:-1"},"canonical":"http:\/\/www.juancarloscabral.es\/web\/vimor\/","og_locale":"es_ES","og_type":"article","og_title":"VIMOR -","og_description":"Fotolibro sobre Jerez el vino y sus gentes. Amor y sentimiento de pertenencia a la tradici\u00f3n y las cosas bien hechas.","og_url":"http:\/\/www.juancarloscabral.es\/web\/vimor\/","og_site_name":"Juan Carlos Cabral","article_modified_time":"2024-02-04T12:36:20+00:00","og_image":[{"url":"http:\/\/www.juancarloscabral.es\/web\/wp-content\/uploads\/2023\/02\/LOGO-para-la-WEB-1.png"}],"twitter_misc":{"Tiempo de lectura":"3 minutos"},"schema":{"@context":"https:\/\/schema.org","@graph":[{"@type":"WebSite","@id":"http:\/\/www.juancarloscabral.es\/web\/#website","url":"http:\/\/www.juancarloscabral.es\/web\/","name":"Juan Carlos Cabral","description":"Fot\u00f3grafo,Bodas,Retratos","potentialAction":[{"@type":"SearchAction","target":{"@type":"EntryPoint","urlTemplate":"http:\/\/www.juancarloscabral.es\/web\/?s={search_term_string}"},"query-input":"required name=search_term_string"}],"inLanguage":"es"},{"@type":"ImageObject","@id":"http:\/\/www.juancarloscabral.es\/web\/vimor\/#primaryimage","inLanguage":"es","url":"http:\/\/www.juancarloscabral.es\/web\/wp-content\/uploads\/2023\/02\/LOGO-para-la-WEB-1.png","contentUrl":"http:\/\/www.juancarloscabral.es\/web\/wp-content\/uploads\/2023\/02\/LOGO-para-la-WEB-1.png","width":860,"height":215},{"@type":"WebPage","@id":"http:\/\/www.juancarloscabral.es\/web\/vimor\/#webpage","url":"http:\/\/www.juancarloscabral.es\/web\/vimor\/","name":"VIMOR -","isPartOf":{"@id":"http:\/\/www.juancarloscabral.es\/web\/#website"},"primaryImageOfPage":{"@id":"http:\/\/www.juancarloscabral.es\/web\/vimor\/#primaryimage"},"datePublished":"2023-02-28T21:26:55+00:00","dateModified":"2024-02-04T12:36:20+00:00","description":"Fotolibro sobre Jerez el vino y sus gentes. Amor y sentimiento de pertenencia a la tradici\u00f3n y las cosas bien hechas.","breadcrumb":{"@id":"http:\/\/www.juancarloscabral.es\/web\/vimor\/#breadcrumb"},"inLanguage":"es","potentialAction":[{"@type":"ReadAction","target":["http:\/\/www.juancarloscabral.es\/web\/vimor\/"]}]},{"@type":"BreadcrumbList","@id":"http:\/\/www.juancarloscabral.es\/web\/vimor\/#breadcrumb","itemListElement":[{"@type":"ListItem","position":1,"name":"Vimor"}]}]}},"_links":{"self":[{"href":"http:\/\/www.juancarloscabral.es\/web\/wp-json\/wp\/v2\/pages\/5284"}],"collection":[{"href":"http:\/\/www.juancarloscabral.es\/web\/wp-json\/wp\/v2\/pages"}],"about":[{"href":"http:\/\/www.juancarloscabral.es\/web\/wp-json\/wp\/v2\/types\/page"}],"author":[{"embeddable":true,"href":"http:\/\/www.juancarloscabral.es\/web\/wp-json\/wp\/v2\/users\/1"}],"replies":[{"embeddable":true,"href":"http:\/\/www.juancarloscabral.es\/web\/wp-json\/wp\/v2\/comments?post=5284"}],"version-history":[{"count":30,"href":"http:\/\/www.juancarloscabral.es\/web\/wp-json\/wp\/v2\/pages\/5284\/revisions"}],"predecessor-version":[{"id":5327,"href":"http:\/\/www.juancarloscabral.es\/web\/wp-json\/wp\/v2\/pages\/5284\/revisions\/5327"}],"wp:attachment":[{"href":"http:\/\/www.juancarloscabral.es\/web\/wp-json\/wp\/v2\/media?parent=5284"}],"curies":[{"name":"wp","href":"https:\/\/api.w.org\/{rel}","templated":true}]}}